{"id":265,"date":"2025-06-01T00:40:03","date_gmt":"2025-05-31T22:40:03","guid":{"rendered":"http:\/\/rs2.graphik.cz\/?page_id=265"},"modified":"2026-04-23T02:41:38","modified_gmt":"2026-04-23T00:41:38","slug":"akce","status":"publish","type":"page","link":"https:\/\/casinothermal.cz\/en\/akce\/","title":{"rendered":"05 Akce"},"content":{"rendered":"\t\t<div data-elementor-type=\"wp-page\" data-elementor-id=\"265\" class=\"elementor elementor-265\" data-elementor-settings=\"{&quot;ha_cmc_init_switcher&quot;:&quot;no&quot;}\" data-elementor-post-type=\"page\">\n\t\t\t\t<div class=\"elementor-element elementor-element-3421b59c elementor-hidden-desktop elementor-hidden-tablet elementor-hidden-mobile e-flex e-con-boxed wpr-particle-no wpr-jarallax-no wpr-parallax-no wpr-sticky-section-no e-con e-parent\" data-id=\"3421b59c\" data-element_type=\"container\" data-settings=\"{&quot;background_background&quot;:&quot;classic&quot;,&quot;_ha_eqh_enable&quot;:false}\">\n\t\t\t\t\t<div class=\"e-con-inner\">\n\t\t<div class=\"elementor-element elementor-element-6a49f266 e-con-full e-flex wpr-particle-no wpr-jarallax-no wpr-parallax-no wpr-sticky-section-no e-con e-child\" data-id=\"6a49f266\" data-element_type=\"container\" data-settings=\"{&quot;_ha_eqh_enable&quot;:false}\">\n\t\t\t\t<div class=\"elementor-element elementor-element-e689a25 elementor-widget elementor-widget-heading\" data-id=\"e689a25\" data-element_type=\"widget\" data-widget_type=\"heading.default\">\n\t\t\t\t<div class=\"elementor-widget-container\">\n\t\t\t\t\t<h2 class=\"elementor-heading-title elementor-size-default\">akce<\/h2>\t\t\t\t<\/div>\n\t\t\t\t<\/div>\n\t\t\t\t<\/div>\n\t\t\t\t\t<\/div>\n\t\t\t\t<\/div>\n\t\t<div class=\"elementor-element elementor-element-53398967 vysledkypage e-flex e-con-boxed wpr-particle-no wpr-jarallax-no wpr-parallax-no wpr-sticky-section-no e-con e-parent\" data-id=\"53398967\" data-element_type=\"container\" data-settings=\"{&quot;background_background&quot;:&quot;classic&quot;,&quot;_ha_eqh_enable&quot;:false}\">\n\t\t\t\t\t<div class=\"e-con-inner\">\n\t\t<div class=\"elementor-element elementor-element-5cd505e e-con-full e-flex wpr-particle-no wpr-jarallax-no wpr-parallax-no wpr-sticky-section-no e-con e-child\" data-id=\"5cd505e\" data-element_type=\"container\" data-settings=\"{&quot;_ha_eqh_enable&quot;:false}\">\n\t\t<div class=\"elementor-element elementor-element-1c36051 e-con-full turnos e-flex wpr-particle-no wpr-jarallax-no wpr-parallax-no wpr-sticky-section-no e-con e-child\" data-id=\"1c36051\" data-element_type=\"container\" data-settings=\"{&quot;background_background&quot;:&quot;classic&quot;,&quot;_ha_eqh_enable&quot;:false}\">\n\t\t\t\t<div class=\"elementor-element elementor-element-a98a927 elementor-widget elementor-widget-heading\" data-id=\"a98a927\" data-element_type=\"widget\" data-widget_type=\"heading.default\">\n\t\t\t\t<div class=\"elementor-widget-container\">\n\t\t\t\t\t<h1 class=\"elementor-heading-title elementor-size-default\">Speci\u00e1ln\u00ed ud\u00e1losti v Casino Thermal<\/h1>\t\t\t\t<\/div>\n\t\t\t\t<\/div>\n\t\t\t\t<div class=\"elementor-element elementor-element-4211023 elementor-widget elementor-widget-shortcode\" data-id=\"4211023\" data-element_type=\"widget\" data-widget_type=\"shortcode.default\">\n\t\t\t\t<div class=\"elementor-widget-container\">\n\t\t\t\t\t\t\t<div class=\"elementor-shortcode\">    <form method=\"get\" class=\"akce-filtr-form\" style=\"margin-bottom: 20px;\">\n        <label for=\"filtr_akci\"><strong>Show events: <\/strong><\/label>\n        <select name=\"filtr_akci\" id=\"filtr_akci\" onchange=\"this.form.submit()\" style=\"padding: 5px 10px; border-radius: 5px; border: 1px solid #ccc;\">\n            <option value=\"upcoming_asc\"  selected='selected'>Upcoming (closest first)<\/option>\n            <option value=\"upcoming_desc\" >Upcoming (farthest first)<\/option>\n            <option value=\"past_desc\" >Past events<\/option>\n        <\/select>\n            <\/form>\n    <\/div>\n\t\t\t\t\t\t<\/div>\n\t\t\t\t<\/div>\n\t\t\t\t<div class=\"elementor-element elementor-element-13456998 elementor-grid-1 elementor-grid-tablet-2 elementor-grid-mobile-1 elementor-widget elementor-widget-loop-grid\" data-id=\"13456998\" data-element_type=\"widget\" data-settings=\"{&quot;template_id&quot;:&quot;3399&quot;,&quot;columns&quot;:1,&quot;pagination_type&quot;:&quot;numbers&quot;,&quot;_skin&quot;:&quot;post&quot;,&quot;columns_tablet&quot;:&quot;2&quot;,&quot;columns_mobile&quot;:&quot;1&quot;,&quot;edit_handle_selector&quot;:&quot;[data-elementor-type=\\&quot;loop-item\\&quot;]&quot;,&quot;pagination_load_type&quot;:&quot;page_reload&quot;,&quot;row_gap&quot;:{&quot;unit&quot;:&quot;px&quot;,&quot;size&quot;:&quot;&quot;,&quot;sizes&quot;:[]},&quot;row_gap_tablet&quot;:{&quot;unit&quot;:&quot;px&quot;,&quot;size&quot;:&quot;&quot;,&quot;sizes&quot;:[]},&quot;row_gap_mobile&quot;:{&quot;unit&quot;:&quot;px&quot;,&quot;size&quot;:&quot;&quot;,&quot;sizes&quot;:[]}}\" data-widget_type=\"loop-grid.post\">\n\t\t\t\t<div class=\"elementor-widget-container\">\n\t\t\t\t\t\t\t<div class=\"elementor-loop-container elementor-grid\">\n\t\t<style id=\"loop-3399\">.elementor-3399 .elementor-element.elementor-element-97ab13e{--display:flex;--flex-direction:column;--container-widget-width:100%;--container-widget-height:initial;--container-widget-flex-grow:0;--container-widget-align-self:initial;--flex-wrap-mobile:wrap;}<\/style>\t\t<div data-elementor-type=\"loop-item\" data-elementor-id=\"3399\" class=\"elementor elementor-3399 e-loop-item e-loop-item-8219 post-8219 rs_akce type-rs_akce status-publish has-post-thumbnail hentry\" data-elementor-settings=\"{&quot;ha_cmc_init_switcher&quot;:&quot;no&quot;}\" data-elementor-post-type=\"elementor_library\" data-custom-edit-handle=\"1\">\n\t\t\t<div class=\"elementor-element elementor-element-97ab13e e-flex e-con-boxed wpr-particle-no wpr-jarallax-no wpr-parallax-no wpr-sticky-section-no e-con e-parent\" data-id=\"97ab13e\" data-element_type=\"container\" data-settings=\"{&quot;_ha_eqh_enable&quot;:false}\">\n\t\t\t\t\t<div class=\"e-con-inner\">\n\t\t\t\t<div class=\"elementor-element elementor-element-99e4d96 elementor-widget elementor-widget-shortcode\" data-id=\"99e4d96\" data-element_type=\"widget\" data-widget_type=\"shortcode.default\">\n\t\t\t\t<div class=\"elementor-widget-container\">\n\t\t\t\t\t\t\t<div class=\"elementor-shortcode\">  <div class=\"akce-item\">\n    <div class=\"akce-thumbnail\">\n      <img fetchpriority=\"high\" decoding=\"async\" width=\"640\" height=\"320\" src=\"https:\/\/casinothermal.cz\/wp-content\/uploads\/2026\/05\/x.jpg\" class=\"attachment-akce-thumbnail size-akce-thumbnail\" alt=\"\" srcset=\"https:\/\/casinothermal.cz\/wp-content\/uploads\/2026\/05\/x.jpg 2200w, https:\/\/casinothermal.cz\/wp-content\/uploads\/2026\/05\/x-300x150.jpg 300w, https:\/\/casinothermal.cz\/wp-content\/uploads\/2026\/05\/x-1024x512.jpg 1024w, https:\/\/casinothermal.cz\/wp-content\/uploads\/2026\/05\/x-768x384.jpg 768w, https:\/\/casinothermal.cz\/wp-content\/uploads\/2026\/05\/x-1536x768.jpg 1536w, https:\/\/casinothermal.cz\/wp-content\/uploads\/2026\/05\/x-2048x1024.jpg 2048w\" sizes=\"(max-width: 640px) 100vw, 640px\" \/>    <\/div>\n\n    <div class=\"akce-content\">\n      <div class=\"akce-meta\">\n        <span class=\"akce-datum\">\n          21. 5. 2026 18:00        <\/span>\n      <\/div>\n\n      <div class=\"akce-nazev\">Thermal Poker Night<\/div>\n      <hr class=\"akce-line\" \/>\n      <div class=\"akce-popis\">A poker tournament with a 200,000 CZK guarantee. 1,500 CZK buy-in, multi re-entry, 40,000 starting stack. Join us on May 21, 2026, from 18:00 at Casino Thermal.<\/div>\n      <div class=\"akce-tlacitko\"><a href=\"https:\/\/casinothermal.cz\/en\/rs_akce\/thermal-poker-night-21-5-2026\/\" class=\"btn-akce\">More info<\/a><\/div>\n    <\/div>\n  <\/div>\n  <\/div>\n\t\t\t\t\t\t<\/div>\n\t\t\t\t<\/div>\n\t\t\t\t\t<\/div>\n\t\t\t\t<\/div>\n\t\t\t\t<\/div>\n\t\t\t\t<div data-elementor-type=\"loop-item\" data-elementor-id=\"3399\" class=\"elementor elementor-3399 e-loop-item e-loop-item-8205 post-8205 rs_akce type-rs_akce status-publish hentry\" data-elementor-settings=\"{&quot;ha_cmc_init_switcher&quot;:&quot;no&quot;}\" data-elementor-post-type=\"elementor_library\" data-custom-edit-handle=\"1\">\n\t\t\t<div class=\"elementor-element elementor-element-97ab13e e-flex e-con-boxed wpr-particle-no wpr-jarallax-no wpr-parallax-no wpr-sticky-section-no e-con e-parent\" data-id=\"97ab13e\" data-element_type=\"container\" data-settings=\"{&quot;_ha_eqh_enable&quot;:false}\">\n\t\t\t\t\t<div class=\"e-con-inner\">\n\t\t\t\t<div class=\"elementor-element elementor-element-99e4d96 elementor-widget elementor-widget-shortcode\" data-id=\"99e4d96\" data-element_type=\"widget\" data-widget_type=\"shortcode.default\">\n\t\t\t\t<div class=\"elementor-widget-container\">\n\t\t\t\t\t\t\t<div class=\"elementor-shortcode\">  <div class=\"akce-item\">\n    <div class=\"akce-thumbnail\">\n      <img decoding=\"async\" width=\"640\" height=\"320\" src=\"https:\/\/casinothermal.cz\/wp-content\/uploads\/2026\/05\/x2_3.jpg\" class=\"attachment-akce-thumbnail size-akce-thumbnail\" alt=\"\" srcset=\"https:\/\/casinothermal.cz\/wp-content\/uploads\/2026\/05\/x2_3.jpg 2200w, https:\/\/casinothermal.cz\/wp-content\/uploads\/2026\/05\/x2_3-300x150.jpg 300w, https:\/\/casinothermal.cz\/wp-content\/uploads\/2026\/05\/x2_3-1024x512.jpg 1024w, https:\/\/casinothermal.cz\/wp-content\/uploads\/2026\/05\/x2_3-768x384.jpg 768w, https:\/\/casinothermal.cz\/wp-content\/uploads\/2026\/05\/x2_3-1536x768.jpg 1536w, https:\/\/casinothermal.cz\/wp-content\/uploads\/2026\/05\/x2_3-2048x1024.jpg 2048w\" sizes=\"(max-width: 640px) 100vw, 640px\" \/>    <\/div>\n\n    <div class=\"akce-content\">\n      <div class=\"akce-meta\">\n        <span class=\"akce-datum\">\n          Ongoing event        <\/span>\n      <\/div>\n\n      <div class=\"akce-nazev\">Saturday Jackpot Night<\/div>\n      <hr class=\"akce-line\" \/>\n      <div class=\"akce-popis\">Jackpot Night at Casino Thermal gives you the chance to play for a guaranteed 50,000 CZK in VLT jackpots in a single evening.<\/div>\n      <div class=\"akce-tlacitko\"><a href=\"https:\/\/casinothermal.cz\/en\/rs_akce\/jackpot-night-16-5-2026\/\" class=\"btn-akce\">More info<\/a><\/div>\n    <\/div>\n  <\/div>\n  <\/div>\n\t\t\t\t\t\t<\/div>\n\t\t\t\t<\/div>\n\t\t\t\t\t<\/div>\n\t\t\t\t<\/div>\n\t\t\t\t<\/div>\n\t\t\t\t<div data-elementor-type=\"loop-item\" data-elementor-id=\"3399\" class=\"elementor elementor-3399 e-loop-item e-loop-item-6770 post-6770 rs_akce type-rs_akce status-publish hentry\" data-elementor-settings=\"{&quot;ha_cmc_init_switcher&quot;:&quot;no&quot;}\" data-elementor-post-type=\"elementor_library\" data-custom-edit-handle=\"1\">\n\t\t\t<div class=\"elementor-element elementor-element-97ab13e e-flex e-con-boxed wpr-particle-no wpr-jarallax-no wpr-parallax-no wpr-sticky-section-no e-con e-parent\" data-id=\"97ab13e\" data-element_type=\"container\" data-settings=\"{&quot;_ha_eqh_enable&quot;:false}\">\n\t\t\t\t\t<div class=\"e-con-inner\">\n\t\t\t\t<div class=\"elementor-element elementor-element-99e4d96 elementor-widget elementor-widget-shortcode\" data-id=\"99e4d96\" data-element_type=\"widget\" data-widget_type=\"shortcode.default\">\n\t\t\t\t<div class=\"elementor-widget-container\">\n\t\t\t\t\t\t\t<div class=\"elementor-shortcode\">  <div class=\"akce-item\">\n    <div class=\"akce-thumbnail\">\n      <img decoding=\"async\" width=\"640\" height=\"320\" src=\"https:\/\/casinothermal.cz\/wp-content\/uploads\/2026\/02\/web_en_2200x1100.jpg\" class=\"attachment-akce-thumbnail size-akce-thumbnail\" alt=\"\" srcset=\"https:\/\/casinothermal.cz\/wp-content\/uploads\/2026\/02\/web_en_2200x1100.jpg 2200w, https:\/\/casinothermal.cz\/wp-content\/uploads\/2026\/02\/web_en_2200x1100-300x150.jpg 300w, https:\/\/casinothermal.cz\/wp-content\/uploads\/2026\/02\/web_en_2200x1100-1024x512.jpg 1024w, https:\/\/casinothermal.cz\/wp-content\/uploads\/2026\/02\/web_en_2200x1100-768x384.jpg 768w, https:\/\/casinothermal.cz\/wp-content\/uploads\/2026\/02\/web_en_2200x1100-1536x768.jpg 1536w, https:\/\/casinothermal.cz\/wp-content\/uploads\/2026\/02\/web_en_2200x1100-2048x1024.jpg 2048w, https:\/\/casinothermal.cz\/wp-content\/uploads\/2026\/02\/web_en_2200x1100-18x9.jpg 18w\" sizes=\"(max-width: 640px) 100vw, 640px\" \/>    <\/div>\n\n    <div class=\"akce-content\">\n      <div class=\"akce-meta\">\n        <span class=\"akce-datum\">\n          Ongoing event        <\/span>\n      <\/div>\n\n      <div class=\"akce-nazev\">Get a 200 Loyalty Point Bonus!<\/div>\n      <hr class=\"akce-line\" \/>\n      <div class=\"akce-popis\">Follow us on Instagram and earn 200 loyalty points. A simple action, a nice reward, and a gaming bonus await you at Casino Thermal.<\/div>\n      <div class=\"akce-tlacitko\"><a href=\"https:\/\/casinothermal.cz\/en\/rs_akce\/sledujte-nas-na-instagramu-a-ziskejte-bonus-200-kc\/\" class=\"btn-akce\">More info<\/a><\/div>\n    <\/div>\n  <\/div>\n  <\/div>\n\t\t\t\t\t\t<\/div>\n\t\t\t\t<\/div>\n\t\t\t\t\t<\/div>\n\t\t\t\t<\/div>\n\t\t\t\t<\/div>\n\t\t\t\t<\/div>\n\t\t\n\t\t\t\t\t\t<\/div>\n\t\t\t\t<\/div>\n\t\t\t\t<\/div>\n\t\t\t\t<\/div>\n\t\t\t\t\t<\/div>\n\t\t\t\t<\/div>\n\t\t\t\t<\/div>\n\t\t","protected":false},"excerpt":{"rendered":"<p>akce Speci\u00e1ln\u00ed ud\u00e1losti v Casino Thermal<\/p>","protected":false},"author":1,"featured_media":0,"parent":0,"menu_order":0,"comment_status":"closed","ping_status":"closed","template":"","meta":{"_acf_changed":false,"inline_featured_image":false,"site-sidebar-layout":"no-sidebar","site-content-layout":"","ast-site-content-layout":"full-width-container","site-content-style":"default","site-sidebar-style":"default","ast-global-header-display":"","ast-banner-title-visibility":"","ast-main-header-display":"","ast-hfb-above-header-display":"","ast-hfb-below-header-display":"","ast-hfb-mobile-header-display":"","site-post-title":"disabled","ast-breadcrumbs-content":"","ast-featured-img":"disabled","footer-sml-layout":"","theme-transparent-header-meta":"","adv-header-id-meta":"","stick-header-meta":"","header-above-stick-meta":"","header-main-stick-meta":"","header-below-stick-meta":"","astra-migrate-meta-layouts":"default","ast-page-background-enabled":"default","ast-page-background-meta":{"desktop":{"background-color":"var(--ast-global-color-5)","background-image":"","background-repeat":"repeat","background-position":"center center","background-size":"auto","background-attachment":"scroll","background-type":"","background-media":"","overlay-type":"","overlay-color":"","overlay-opacity":"","overlay-gradient":""},"tablet":{"background-color":"","background-image":"","background-repeat":"repeat","background-position":"center center","background-size":"auto","background-attachment":"scroll","background-type":"","background-media":"","overlay-type":"","overlay-color":"","overlay-opacity":"","overlay-gradient":""},"mobile":{"background-color":"","background-image":"","background-repeat":"repeat","background-position":"center center","background-size":"auto","background-attachment":"scroll","background-type":"","background-media":"","overlay-type":"","overlay-color":"","overlay-opacity":"","overlay-gradient":""}},"ast-content-background-meta":{"desktop":{"background-color":"var(--ast-global-color-4)","background-image":"","background-repeat":"repeat","background-position":"center center","background-size":"auto","background-attachment":"scroll","background-type":"","background-media":"","overlay-type":"","overlay-color":"","overlay-opacity":"","overlay-gradient":""},"tablet":{"background-color":"var(--ast-global-color-4)","background-image":"","background-repeat":"repeat","background-position":"center center","background-size":"auto","background-attachment":"scroll","background-type":"","background-media":"","overlay-type":"","overlay-color":"","overlay-opacity":"","overlay-gradient":""},"mobile":{"background-color":"var(--ast-global-color-4)","background-image":"","background-repeat":"repeat","background-position":"center center","background-size":"auto","background-attachment":"scroll","background-type":"","background-media":"","overlay-type":"","overlay-color":"","overlay-opacity":"","overlay-gradient":""}},"footnotes":""},"class_list":["post-265","page","type-page","status-publish","hentry"],"acf":[],"_links":{"self":[{"href":"https:\/\/casinothermal.cz\/en\/wp-json\/wp\/v2\/pages\/265","targetHints":{"allow":["GET"]}}],"collection":[{"href":"https:\/\/casinothermal.cz\/en\/wp-json\/wp\/v2\/pages"}],"about":[{"href":"https:\/\/casinothermal.cz\/en\/wp-json\/wp\/v2\/types\/page"}],"author":[{"embeddable":true,"href":"https:\/\/casinothermal.cz\/en\/wp-json\/wp\/v2\/users\/1"}],"replies":[{"embeddable":true,"href":"https:\/\/casinothermal.cz\/en\/wp-json\/wp\/v2\/comments?post=265"}],"version-history":[{"count":102,"href":"https:\/\/casinothermal.cz\/en\/wp-json\/wp\/v2\/pages\/265\/revisions"}],"predecessor-version":[{"id":7978,"href":"https:\/\/casinothermal.cz\/en\/wp-json\/wp\/v2\/pages\/265\/revisions\/7978"}],"wp:attachment":[{"href":"https:\/\/casinothermal.cz\/en\/wp-json\/wp\/v2\/media?parent=265"}],"curies":[{"name":"wp","href":"https:\/\/api.w.org\/{rel}","templated":true}]}}