{"id":5052,"date":"2025-09-24T06:43:39","date_gmt":"2025-09-24T04:43:39","guid":{"rendered":"https:\/\/rs2.graphik.cz\/?page_id=5052"},"modified":"2026-05-14T20:46:26","modified_gmt":"2026-05-14T18:46:26","slug":"herni-plany-technicke-a-zive-hry","status":"publish","type":"page","link":"https:\/\/casinothermal.cz\/en\/herni-plany-technicke-a-zive-hry\/","title":{"rendered":"Gaming Plans for Technical and Live Games"},"content":{"rendered":"<div data-elementor-type=\"wp-page\" data-elementor-id=\"5052\" class=\"elementor elementor-5052\" data-elementor-settings=\"{&quot;ha_cmc_init_switcher&quot;:&quot;no&quot;}\" data-elementor-post-type=\"page\">\n\t\t\t\t<div class=\"elementor-element elementor-element-10a95e2 e-flex e-con-boxed wpr-particle-no wpr-jarallax-no wpr-parallax-no wpr-sticky-section-no e-con e-parent\" data-id=\"10a95e2\" data-element_type=\"container\" data-settings=\"{&quot;_ha_eqh_enable&quot;:false}\">\n\t\t\t\t\t<div class=\"e-con-inner\">\n\t\t\t\t<div class=\"elementor-element elementor-element-b174cee elementor-widget elementor-widget-html\" data-id=\"b174cee\" data-element_type=\"widget\" data-widget_type=\"html.default\">\n\t\t\t\t<div class=\"elementor-widget-container\">\n\t\t\t\t\t<section class=\"hp-section\">\n\n  <header class=\"hp-section__head\">\n    <div class=\"hp-section__eyebrow\">DOCUMENTS<\/div>\n    <h2 class=\"hp-section__title\">Gaming Plans for Technical and Live Games<\/h2>\n    <p class=\"hp-section__sub\">Complete gaming plans of the operator GELP s.r.o. available for download in PDF format.<\/p>\n  <\/header>\n\n  <div class=\"hp-grid\">\n\n    <article class=\"hp-card\">\n      <div class=\"hp-card__icon\" aria-hidden=\"true\">\n        <svg viewbox=\"0 0 24 24\" fill=\"none\" stroke=\"currentColor\" stroke-width=\"1.4\" stroke-linecap=\"round\" stroke-linejoin=\"round\">\n          <path d=\"M14 2H6a2 2 0 0 0-2 2v16a2 2 0 0 0 2 2h12a2 2 0 0 0 2-2V8z\"\/>\n          <polyline points=\"14 2 14 8 20 8\"\/>\n          <line x1=\"9\" y1=\"13\" x2=\"15\" y2=\"13\"\/>\n          <line x1=\"9\" y1=\"17\" x2=\"15\" y2=\"17\"\/>\n        <\/svg>\n      <\/div>\n      <div class=\"hp-card__eyebrow\">OPERATOR GELP S.R.O.<\/div>\n      <h3 class=\"hp-card__title\">Technical Games<\/h3>\n      <p class=\"hp-card__desc\">Complete rules for technical gambling games \u2013 slot machines and similar casino devices.<\/p>\n      <a href=\"\/wp-content\/uploads\/2025\/09\/GELP_HP3.pdf\" class=\"hp-card__btn\" target=\"_blank\" rel=\"noopener\">\n        <span>VIEW GAMING PLAN<\/span>\n        <svg class=\"hp-card__btn-icon\" viewbox=\"0 0 24 24\" fill=\"none\" stroke=\"currentColor\" stroke-width=\"1.5\" stroke-linecap=\"round\" stroke-linejoin=\"round\">\n          <path d=\"M21 15v4a2 2 0 0 1-2 2H5a2 2 0 0 1-2-2v-4\"\/>\n          <polyline points=\"7 10 12 15 17 10\"\/>\n          <line x1=\"12\" y1=\"15\" x2=\"12\" y2=\"3\"\/>\n        <\/svg>\n      <\/a>\n    <\/article>\n\n    <article class=\"hp-card\">\n      <div class=\"hp-card__icon\" aria-hidden=\"true\">\n        <svg viewbox=\"0 0 24 24\" fill=\"none\" stroke=\"currentColor\" stroke-width=\"1.4\" stroke-linecap=\"round\" stroke-linejoin=\"round\">\n          <path d=\"M14 2H6a2 2 0 0 0-2 2v16a2 2 0 0 0 2 2h12a2 2 0 0 0 2-2V8z\"\/>\n          <polyline points=\"14 2 14 8 20 8\"\/>\n          <line x1=\"9\" y1=\"13\" x2=\"15\" y2=\"13\"\/>\n          <line x1=\"9\" y1=\"17\" x2=\"15\" y2=\"17\"\/>\n        <\/svg>\n      <\/div>\n      <div class=\"hp-card__eyebrow\">OPERATOR GELP S.R.O.<\/div>\n      <h3 class=\"hp-card__title\">LIVE GAME<\/h3>\n      <p class=\"hp-card__desc\">Complete rules for live games \u2013 Blackjack, Roulette, Poker, and other card and table games.<\/p>\n      <a href=\"\/wp-content\/uploads\/2025\/09\/GELP_HP5.pdf\" class=\"hp-card__btn\" target=\"_blank\" rel=\"noopener\">\n        <span>VIEW GAMING PLAN<\/span>\n        <svg class=\"hp-card__btn-icon\" viewbox=\"0 0 24 24\" fill=\"none\" stroke=\"currentColor\" stroke-width=\"1.5\" stroke-linecap=\"round\" stroke-linejoin=\"round\">\n          <path d=\"M21 15v4a2 2 0 0 1-2 2H5a2 2 0 0 1-2-2v-4\"\/>\n          <polyline points=\"7 10 12 15 17 10\"\/>\n          <line x1=\"12\" y1=\"15\" x2=\"12\" y2=\"3\"\/>\n        <\/svg>\n      <\/a>\n    <\/article>\n\n  <\/div>\n<\/section>\t\t\t\t<\/div>\n\t\t\t\t<\/div>\n\t\t\t\t\t<\/div>\n\t\t\t\t<\/div>\n\t\t\t\t<\/div>","protected":false},"excerpt":{"rendered":"<p>Dokumenty Hern\u00ed pl\u00e1ny technick\u00e9 a \u017eiv\u00e9 hry Kompletn\u00ed hern\u00ed pl\u00e1ny provozovatele GELP s.r.o. ke sta\u017een\u00ed ve form\u00e1tu PDF. Provozovatel GELP s.r.o. Technick\u00e1 hra Kompletn\u00ed pravidla pro technick\u00e9 hazardn\u00ed hry \u2013 v\u00fdhern\u00ed automaty a obdobn\u00e1 za\u0159\u00edzen\u00ed v kasinu. Zobrazit hern\u00ed pl\u00e1n Provozovatel GELP s.r.o. \u017div\u00e1 hra Kompletn\u00ed pravidla pro \u017eiv\u00e9 hry \u2013 Blackjack, Ruleta, Poker a dal\u0161\u00ed karetn\u00ed a stoln\u00ed hry. Zobrazit hern\u00ed pl\u00e1n<\/p>","protected":false},"author":1,"featured_media":0,"parent":0,"menu_order":0,"comment_status":"closed","ping_status":"closed","template":"","meta":{"_acf_changed":false,"inline_featured_image":false,"site-sidebar-layout":"no-sidebar","site-content-layout":"","ast-site-content-layout":"full-width-container","site-content-style":"default","site-sidebar-style":"default","ast-global-header-display":"","ast-banner-title-visibility":"","ast-main-header-display":"","ast-hfb-above-header-display":"","ast-hfb-below-header-display":"","ast-hfb-mobile-header-display":"","site-post-title":"disabled","ast-breadcrumbs-content":"","ast-featured-img":"disabled","footer-sml-layout":"","theme-transparent-header-meta":"","adv-header-id-meta":"","stick-header-meta":"","header-above-stick-meta":"","header-main-stick-meta":"","header-below-stick-meta":"","astra-migrate-meta-layouts":"default","ast-page-background-enabled":"default","ast-page-background-meta":{"desktop":{"background-color":"var(--ast-global-color-5)","background-image":"","background-repeat":"repeat","background-position":"center center","background-size":"auto","background-attachment":"scroll","background-type":"","background-media":"","overlay-type":"","overlay-color":"","overlay-opacity":"","overlay-gradient":""},"tablet":{"background-color":"","background-image":"","background-repeat":"repeat","background-position":"center center","background-size":"auto","background-attachment":"scroll","background-type":"","background-media":"","overlay-type":"","overlay-color":"","overlay-opacity":"","overlay-gradient":""},"mobile":{"background-color":"","background-image":"","background-repeat":"repeat","background-position":"center center","background-size":"auto","background-attachment":"scroll","background-type":"","background-media":"","overlay-type":"","overlay-color":"","overlay-opacity":"","overlay-gradient":""}},"ast-content-background-meta":{"desktop":{"background-color":"var(--ast-global-color-4)","background-image":"","background-repeat":"repeat","background-position":"center center","background-size":"auto","background-attachment":"scroll","background-type":"","background-media":"","overlay-type":"","overlay-color":"","overlay-opacity":"","overlay-gradient":""},"tablet":{"background-color":"var(--ast-global-color-4)","background-image":"","background-repeat":"repeat","background-position":"center center","background-size":"auto","background-attachment":"scroll","background-type":"","background-media":"","overlay-type":"","overlay-color":"","overlay-opacity":"","overlay-gradient":""},"mobile":{"background-color":"var(--ast-global-color-4)","background-image":"","background-repeat":"repeat","background-position":"center center","background-size":"auto","background-attachment":"scroll","background-type":"","background-media":"","overlay-type":"","overlay-color":"","overlay-opacity":"","overlay-gradient":""}},"footnotes":""},"class_list":["post-5052","page","type-page","status-publish","hentry"],"acf":[],"_links":{"self":[{"href":"https:\/\/casinothermal.cz\/en\/wp-json\/wp\/v2\/pages\/5052","targetHints":{"allow":["GET"]}}],"collection":[{"href":"https:\/\/casinothermal.cz\/en\/wp-json\/wp\/v2\/pages"}],"about":[{"href":"https:\/\/casinothermal.cz\/en\/wp-json\/wp\/v2\/types\/page"}],"author":[{"embeddable":true,"href":"https:\/\/casinothermal.cz\/en\/wp-json\/wp\/v2\/users\/1"}],"replies":[{"embeddable":true,"href":"https:\/\/casinothermal.cz\/en\/wp-json\/wp\/v2\/comments?post=5052"}],"version-history":[{"count":13,"href":"https:\/\/casinothermal.cz\/en\/wp-json\/wp\/v2\/pages\/5052\/revisions"}],"predecessor-version":[{"id":8874,"href":"https:\/\/casinothermal.cz\/en\/wp-json\/wp\/v2\/pages\/5052\/revisions\/8874"}],"wp:attachment":[{"href":"https:\/\/casinothermal.cz\/en\/wp-json\/wp\/v2\/media?parent=5052"}],"curies":[{"name":"wp","href":"https:\/\/api.w.org\/{rel}","templated":true}]}}